{"id":3914,"date":"2020-07-03T03:24:51","date_gmt":"2020-07-03T03:24:51","guid":{"rendered":"http:\/\/wpdemo.archiwp.com\/theratio\/?page_id=3914"},"modified":"2020-07-03T03:24:51","modified_gmt":"2020-07-03T03:24:51","slug":"portfolio-gallery-2-columns","status":"publish","type":"page","link":"https:\/\/www.defansendustri.com\/index.php\/portfolio-gallery-2-columns\/","title":{"rendered":"Portfolio Gallery 2 Columns"},"content":{"rendered":"\t\t<div data-elementor-type=\"wp-page\" data-elementor-id=\"3914\" class=\"elementor elementor-3914\">\n\t\t\t\t\t\t\t\t\t<section class=\"elementor-section elementor-top-section elementor-element elementor-element-db37b0a elementor-section-boxed elementor-section-height-default elementor-section-height-default elementor-invisible\" data-id=\"db37b0a\" data-element_type=\"section\" data-settings=\"{&quot;animation&quot;:&quot;fadeInDown&quot;}\">\n\t\t\t\t\t\t<div class=\"elementor-container elementor-column-gap-default\">\n\t\t\t\t\t<div class=\"elementor-column elementor-col-100 elementor-top-column elementor-element elementor-element-bfdcb99 ot-flex-column-vertical\" data-id=\"bfdcb99\" data-element_type=\"column\">\n\t\t\t<div class=\"elementor-widget-wrap elementor-element-populated\">\n\t\t\t\t\t\t\t\t<div class=\"elementor-element elementor-element-b44cd7a theratio-align-center elementor-widget elementor-widget-iheading\" data-id=\"b44cd7a\" data-element_type=\"widget\" data-widget_type=\"iheading.default\">\n\t\t\t\t<div class=\"elementor-widget-container\">\n\t\t\t\t\t<div class=\"ot-heading is-dots\">\r\n\t        \t            <span>[ our portfolio ]<\/span>\r\n\t        \t        <h2 class=\"main-heading\">Some of Our Works<br>  and Case Studies for Clients<\/h2>\r\n\t        \t    <\/div>\r\n\t    \t\t<\/div>\n\t\t\t\t<\/div>\n\t\t\t\t<div class=\"elementor-element elementor-element-f511adf elementor-widget elementor-widget-ipfilter\" data-id=\"f511adf\" data-element_type=\"widget\" data-widget_type=\"ipfilter.default\">\n\t\t\t\t<div class=\"elementor-widget-container\">\n\t\t\t\r\n\t\t<div class=\"project-filter-wrapper\">\r\n\t\t\t\t        \t<div class=\"container\">\r\n\t        \t\t<ul class=\"project_filters\">\r\n\t        \t\t\t\t        \t\t\t \t<li><a href=\"#\" data-filter=\"*\" class=\"selected btn-details\">All<span class=\"filter-count\"><\/span><\/a><\/li>\r\n\t        \t\t\t\t\t                \t\t                    <li>\r\n\t\t\t\t\t\t\t\t<a class=\"btn-details\" href='#' data-filter='.category-16'>Decor<span class=\"filter-count\"><\/span><\/a>\r\n\t\t\t\t\t\t\t<\/li>\t                    \r\n\t\t                \t\t                    <li>\r\n\t\t\t\t\t\t\t\t<a class=\"btn-details\" href='#' data-filter='.category-18'>Interior<span class=\"filter-count\"><\/span><\/a>\r\n\t\t\t\t\t\t\t<\/li>\t                    \r\n\t\t                \t\t\t\t\t<\/ul>\r\n\t\t\t\t<\/div>\r\n\t        \t\t\t\t        <div class=\"projects-grid pf_2_cols style-4 img-popup img-scale w-auto\" data-load=\"2\" data-count=\"12\">\r\n\t\t\t<div class=\"grid-sizer\"><\/div>\r\n\t            \r\n<div class=\"project-item \">\r\n\t<div class=\"projects-box\">\r\n\t\t<div class=\"projects-thumbnail\" data-src=\"\" data-sub-html=\"Kapal\u0131 At\u0131\u015f Poligon \u0130malat\u0131\">\r\n\t\t\t<a href=\"https:\/\/www.defansendustri.com\/index.php\/portfolio\/kapali-atis\/\">\r\n\t\t\t\t\t\t\t<\/a>\r\n\t\t\t\r\n\t\t\t<span class=\"overlay\">\r\n\t\t\t\t<h5>Kapal\u0131 At\u0131\u015f Poligon \u0130malat\u0131<\/h5>\r\n\t\t\t\t<i class=\"ot-flaticon-add\"><\/i>\r\n\t\t\t<\/span>\r\n\t\t<\/div>\r\n\t\t<div class=\"portfolio-info\">\r\n\t\t\t<div class=\"portfolio-info-inner\">\r\n\t\t\t\t<h5><a class=\"title-link\" href=\"https:\/\/www.defansendustri.com\/index.php\/portfolio\/kapali-atis\/\" data-src=\"\" data-sub-html=\"Kapal\u0131 At\u0131\u015f Poligon \u0130malat\u0131\">Kapal\u0131 At\u0131\u015f Poligon \u0130malat\u0131<\/a><\/h5>\r\n\t\t\t\t \r\n\t\t\t<\/div>\r\n\t\t\t<a class=\"overlay\" href=\"https:\/\/www.defansendustri.com\/index.php\/portfolio\/kapali-atis\/\"><\/a>\r\n\t\t<\/div>\r\n\t<\/div>\r\n<\/div>\r\n<div class=\"project-item \">\r\n\t<div class=\"projects-box\">\r\n\t\t<div class=\"projects-thumbnail\" data-src=\"https:\/\/www.defansendustri.com\/wp-content\/uploads\/2019\/11\/J-1-e1680706314111.png\" data-sub-html=\"Yar\u0131 A\u00e7\u0131k At\u0131\u015f Poligon \u0130malat\u0131\">\r\n\t\t\t<a href=\"https:\/\/www.defansendustri.com\/index.php\/portfolio\/yari-acik\/\">\r\n\t\t\t\t<img width=\"720\" height=\"632\" src=\"https:\/\/www.defansendustri.com\/wp-content\/uploads\/2019\/11\/J-1-e1680706314111-720x632.png\" class=\"attachment-theratio-portfolio-thumbnail-grid size-theratio-portfolio-thumbnail-grid wp-post-image\" alt=\"\" decoding=\"async\" loading=\"lazy\" \/>\t\t\t<\/a>\r\n\t\t\t\r\n\t\t\t<span class=\"overlay\">\r\n\t\t\t\t<h5>Yar\u0131 A\u00e7\u0131k At\u0131\u015f Poligon \u0130malat\u0131<\/h5>\r\n\t\t\t\t<i class=\"ot-flaticon-add\"><\/i>\r\n\t\t\t<\/span>\r\n\t\t<\/div>\r\n\t\t<div class=\"portfolio-info\">\r\n\t\t\t<div class=\"portfolio-info-inner\">\r\n\t\t\t\t<h5><a class=\"title-link\" href=\"https:\/\/www.defansendustri.com\/index.php\/portfolio\/yari-acik\/\" data-src=\"https:\/\/www.defansendustri.com\/wp-content\/uploads\/2019\/11\/J-1-e1680706314111.png\" data-sub-html=\"Yar\u0131 A\u00e7\u0131k At\u0131\u015f Poligon \u0130malat\u0131\">Yar\u0131 A\u00e7\u0131k At\u0131\u015f Poligon \u0130malat\u0131<\/a><\/h5>\r\n\t\t\t\t \r\n\t\t\t<\/div>\r\n\t\t\t<a class=\"overlay\" href=\"https:\/\/www.defansendustri.com\/index.php\/portfolio\/yari-acik\/\"><\/a>\r\n\t\t<\/div>\r\n\t<\/div>\r\n<\/div>\r\n<div class=\"project-item \">\r\n\t<div class=\"projects-box\">\r\n\t\t<div class=\"projects-thumbnail\" data-src=\"https:\/\/www.defansendustri.com\/wp-content\/uploads\/2019\/11\/Interaktif-Poligon-Imalati.png\" data-sub-html=\"\u0130nteraktif Poligon \u0130malat\u0131\">\r\n\t\t\t<a href=\"https:\/\/www.defansendustri.com\/index.php\/portfolio\/interaktif\/\">\r\n\t\t\t\t<img width=\"700\" height=\"623\" src=\"https:\/\/www.defansendustri.com\/wp-content\/uploads\/2019\/11\/Interaktif-Poligon-Imalati.png\" class=\"attachment-theratio-portfolio-thumbnail-grid size-theratio-portfolio-thumbnail-grid wp-post-image\" alt=\"\" decoding=\"async\" loading=\"lazy\" srcset=\"https:\/\/www.defansendustri.com\/wp-content\/uploads\/2019\/11\/Interaktif-Poligon-Imalati.png 700w, https:\/\/www.defansendustri.com\/wp-content\/uploads\/2019\/11\/Interaktif-Poligon-Imalati-300x267.png 300w\" sizes=\"(max-width: 700px) 100vw, 700px\" \/>\t\t\t<\/a>\r\n\t\t\t\r\n\t\t\t<span class=\"overlay\">\r\n\t\t\t\t<h5>\u0130nteraktif Poligon \u0130malat\u0131<\/h5>\r\n\t\t\t\t<i class=\"ot-flaticon-add\"><\/i>\r\n\t\t\t<\/span>\r\n\t\t<\/div>\r\n\t\t<div class=\"portfolio-info\">\r\n\t\t\t<div class=\"portfolio-info-inner\">\r\n\t\t\t\t<h5><a class=\"title-link\" href=\"https:\/\/www.defansendustri.com\/index.php\/portfolio\/interaktif\/\" data-src=\"https:\/\/www.defansendustri.com\/wp-content\/uploads\/2019\/11\/Interaktif-Poligon-Imalati.png\" data-sub-html=\"\u0130nteraktif Poligon \u0130malat\u0131\">\u0130nteraktif Poligon \u0130malat\u0131<\/a><\/h5>\r\n\t\t\t\t \r\n\t\t\t<\/div>\r\n\t\t\t<a class=\"overlay\" href=\"https:\/\/www.defansendustri.com\/index.php\/portfolio\/interaktif\/\"><\/a>\r\n\t\t<\/div>\r\n\t<\/div>\r\n<\/div>\r\n<div class=\"project-item \">\r\n\t<div class=\"projects-box\">\r\n\t\t<div class=\"projects-thumbnail\" data-src=\"https:\/\/www.defansendustri.com\/wp-content\/uploads\/2023\/02\/ddqff.png\" data-sub-html=\"Mobil Poligon \u0130malat\u0131\">\r\n\t\t\t<a href=\"https:\/\/www.defansendustri.com\/index.php\/portfolio\/mobil-poligon\/\">\r\n\t\t\t\t<img width=\"571\" height=\"428\" src=\"https:\/\/www.defansendustri.com\/wp-content\/uploads\/2023\/02\/ddqff.png\" class=\"attachment-theratio-portfolio-thumbnail-grid size-theratio-portfolio-thumbnail-grid wp-post-image\" alt=\"\" decoding=\"async\" loading=\"lazy\" srcset=\"https:\/\/www.defansendustri.com\/wp-content\/uploads\/2023\/02\/ddqff.png 571w, https:\/\/www.defansendustri.com\/wp-content\/uploads\/2023\/02\/ddqff-300x225.png 300w\" sizes=\"(max-width: 571px) 100vw, 571px\" \/>\t\t\t<\/a>\r\n\t\t\t\r\n\t\t\t<span class=\"overlay\">\r\n\t\t\t\t<h5>Mobil Poligon \u0130malat\u0131<\/h5>\r\n\t\t\t\t<i class=\"ot-flaticon-add\"><\/i>\r\n\t\t\t<\/span>\r\n\t\t<\/div>\r\n\t\t<div class=\"portfolio-info\">\r\n\t\t\t<div class=\"portfolio-info-inner\">\r\n\t\t\t\t<h5><a class=\"title-link\" href=\"https:\/\/www.defansendustri.com\/index.php\/portfolio\/mobil-poligon\/\" data-src=\"https:\/\/www.defansendustri.com\/wp-content\/uploads\/2023\/02\/ddqff.png\" data-sub-html=\"Mobil Poligon \u0130malat\u0131\">Mobil Poligon \u0130malat\u0131<\/a><\/h5>\r\n\t\t\t\t \r\n\t\t\t<\/div>\r\n\t\t\t<a class=\"overlay\" href=\"https:\/\/www.defansendustri.com\/index.php\/portfolio\/mobil-poligon\/\"><\/a>\r\n\t\t<\/div>\r\n\t<\/div>\r\n<\/div>\r\n<div class=\"project-item \">\r\n\t<div class=\"projects-box\">\r\n\t\t<div class=\"projects-thumbnail\" data-src=\"https:\/\/www.defansendustri.com\/wp-content\/uploads\/2023\/02\/fff-1.png\" data-sub-html=\"Savunma Sanayi At\u0131\u015f Merkezleri Poligonlar\u0131\">\r\n\t\t\t<a href=\"https:\/\/www.defansendustri.com\/index.php\/portfolio\/savunma-sanayi\/\">\r\n\t\t\t\t<img width=\"571\" height=\"428\" src=\"https:\/\/www.defansendustri.com\/wp-content\/uploads\/2023\/02\/fff-1.png\" class=\"attachment-theratio-portfolio-thumbnail-grid size-theratio-portfolio-thumbnail-grid wp-post-image\" alt=\"\" decoding=\"async\" loading=\"lazy\" srcset=\"https:\/\/www.defansendustri.com\/wp-content\/uploads\/2023\/02\/fff-1.png 571w, https:\/\/www.defansendustri.com\/wp-content\/uploads\/2023\/02\/fff-1-300x225.png 300w\" sizes=\"(max-width: 571px) 100vw, 571px\" \/>\t\t\t<\/a>\r\n\t\t\t\r\n\t\t\t<span class=\"overlay\">\r\n\t\t\t\t<h5>Savunma Sanayi At\u0131\u015f Merkezleri Poligonlar\u0131<\/h5>\r\n\t\t\t\t<i class=\"ot-flaticon-add\"><\/i>\r\n\t\t\t<\/span>\r\n\t\t<\/div>\r\n\t\t<div class=\"portfolio-info\">\r\n\t\t\t<div class=\"portfolio-info-inner\">\r\n\t\t\t\t<h5><a class=\"title-link\" href=\"https:\/\/www.defansendustri.com\/index.php\/portfolio\/savunma-sanayi\/\" data-src=\"https:\/\/www.defansendustri.com\/wp-content\/uploads\/2023\/02\/fff-1.png\" data-sub-html=\"Savunma Sanayi At\u0131\u015f Merkezleri Poligonlar\u0131\">Savunma Sanayi At\u0131\u015f Merkezleri Poligonlar\u0131<\/a><\/h5>\r\n\t\t\t\t \r\n\t\t\t<\/div>\r\n\t\t\t<a class=\"overlay\" href=\"https:\/\/www.defansendustri.com\/index.php\/portfolio\/savunma-sanayi\/\"><\/a>\r\n\t\t<\/div>\r\n\t<\/div>\r\n<\/div>\r\n<div class=\"project-item \">\r\n\t<div class=\"projects-box\">\r\n\t\t<div class=\"projects-thumbnail\" data-src=\"https:\/\/www.defansendustri.com\/wp-content\/uploads\/2023\/02\/ccd.png\" data-sub-html=\"Hedef Sistemleri\">\r\n\t\t\t<a href=\"https:\/\/www.defansendustri.com\/index.php\/portfolio\/hedef-sistemleri\/\">\r\n\t\t\t\t<img width=\"571\" height=\"428\" src=\"https:\/\/www.defansendustri.com\/wp-content\/uploads\/2023\/02\/ccd.png\" class=\"attachment-theratio-portfolio-thumbnail-grid size-theratio-portfolio-thumbnail-grid wp-post-image\" alt=\"\" decoding=\"async\" loading=\"lazy\" srcset=\"https:\/\/www.defansendustri.com\/wp-content\/uploads\/2023\/02\/ccd.png 571w, https:\/\/www.defansendustri.com\/wp-content\/uploads\/2023\/02\/ccd-300x225.png 300w\" sizes=\"(max-width: 571px) 100vw, 571px\" \/>\t\t\t<\/a>\r\n\t\t\t\r\n\t\t\t<span class=\"overlay\">\r\n\t\t\t\t<h5>Hedef Sistemleri<\/h5>\r\n\t\t\t\t<i class=\"ot-flaticon-add\"><\/i>\r\n\t\t\t<\/span>\r\n\t\t<\/div>\r\n\t\t<div class=\"portfolio-info\">\r\n\t\t\t<div class=\"portfolio-info-inner\">\r\n\t\t\t\t<h5><a class=\"title-link\" href=\"https:\/\/www.defansendustri.com\/index.php\/portfolio\/hedef-sistemleri\/\" data-src=\"https:\/\/www.defansendustri.com\/wp-content\/uploads\/2023\/02\/ccd.png\" data-sub-html=\"Hedef Sistemleri\">Hedef Sistemleri<\/a><\/h5>\r\n\t\t\t\t \r\n\t\t\t<\/div>\r\n\t\t\t<a class=\"overlay\" href=\"https:\/\/www.defansendustri.com\/index.php\/portfolio\/hedef-sistemleri\/\"><\/a>\r\n\t\t<\/div>\r\n\t<\/div>\r\n<\/div>\t\t\t<\/div>\r\n\r\n\t\t\t<div class=\"btn-block\"><a href=\"#\" class=\"btn-loadmore octf-btn\" data-category=\"\" data-loaded=\"Load More\" data-loading=\"Loading...\" data-style=\"grid\">Load More<\/a><\/div>\t    <\/div>\r\n\t\t\t\t\t\t\t\t\t\t\r\n\t    \t\t<\/div>\n\t\t\t\t<\/div>\n\t\t\t\t\t<\/div>\n\t\t<\/div>\n\t\t\t\t\t\t\t<\/div>\n\t\t<\/section>\n\t\t\t\t\t\t\t<\/div>\n\t\t","protected":false},"excerpt":{"rendered":"<p>[ our portfolio ] Some of Our Works and Case Studies for Clients All Architecture Decor Furniture Interior Stylish Family Appartment Interior Minimal Guests House DecorInterior Art Family Residence Architecture Private House in Spain Furniture Modern Villa in Belgium Furniture Minimalistic Style Appartment FurnitureInterior Load More<\/p>\n","protected":false},"author":1,"featured_media":0,"parent":0,"menu_order":0,"comment_status":"closed","ping_status":"closed","template":"","meta":[],"_links":{"self":[{"href":"https:\/\/www.defansendustri.com\/index.php\/wp-json\/wp\/v2\/pages\/3914"}],"collection":[{"href":"https:\/\/www.defansendustri.com\/index.php\/wp-json\/wp\/v2\/pages"}],"about":[{"href":"https:\/\/www.defansendustri.com\/index.php\/wp-json\/wp\/v2\/types\/page"}],"author":[{"embeddable":true,"href":"https:\/\/www.defansendustri.com\/index.php\/wp-json\/wp\/v2\/users\/1"}],"replies":[{"embeddable":true,"href":"https:\/\/www.defansendustri.com\/index.php\/wp-json\/wp\/v2\/comments?post=3914"}],"version-history":[{"count":0,"href":"https:\/\/www.defansendustri.com\/index.php\/wp-json\/wp\/v2\/pages\/3914\/revisions"}],"wp:attachment":[{"href":"https:\/\/www.defansendustri.com\/index.php\/wp-json\/wp\/v2\/media?parent=3914"}],"curies":[{"name":"wp","href":"https:\/\/api.w.org\/{rel}","templated":true}]}}